{"id":2048,"date":"2024-09-08T00:37:09","date_gmt":"2024-09-07T21:37:09","guid":{"rendered":"http:\/\/www.ospro.fi\/blog\/?page_id=2048"},"modified":"2024-09-13T19:34:33","modified_gmt":"2024-09-13T16:34:33","slug":"yhteystiedot","status":"publish","type":"page","link":"https:\/\/www.ospro.fi\/blog\/yhteystiedot\/","title":{"rendered":"Yhteystiedot"},"content":{"rendered":"\n<div class=\"wp-block-group alignfull has-base-background-color has-background is-content-justification-left\" style=\"margin-top:0;margin-bottom:0;padding-top:var(--wp--preset--spacing--50);padding-right:var(--wp--preset--spacing--20);padding-bottom:var(--wp--preset--spacing--50);padding-left:var(--wp--preset--spacing--20)\"><div class=\"wp-block-group__inner-container is-layout-constrained wp-container-core-group-is-layout-17dd699e wp-block-group-is-layout-constrained\">\n<div class=\"wp-block-columns alignwide is-layout-flex wp-container-core-columns-is-layout-1a7dd963 wp-block-columns-is-layout-flex\">\n<div class=\"wp-block-column is-content-justification-left is-layout-constrained wp-container-core-column-is-layout-f94f1f94 wp-block-column-is-layout-constrained\" style=\"padding-left:var(--wp--preset--spacing--20);flex-basis:30%\">\n<h4 class=\"wp-block-heading has-pro-font-family has-medium-font-size\">Oulun Seudun Pro ry<\/h4>\n\n\n\n<p class=\"has-small-font-size\">PL 5<br>90401 Oulu<\/p>\n\n\n\n<hr class=\"wp-block-separator has-alpha-channel-opacity\"\/>\n\n\n\n<p class=\"has-small-font-size\">s\u00e4hk\u00f6posti:<br>etunimi@ospro.fi<\/p>\n\n\n\n<p class=\"has-small-font-size\">www: www.ospro.fi<\/p>\n\n\n\n<p class=\"has-small-font-size\">Facebook:<br><a href=\"http:\/\/www.facebook.com\/OSProry\/\">www.facebook.com\/OSProry<\/a><\/p>\n\n\n\n<p class=\"has-small-font-size\">X: @OSProry<\/p>\n\n\n\n<p class=\"has-small-font-size\">Instagram:<br>oulunseudunprory<\/p>\n\n\n\n<figure class=\"wp-block-image size-full is-resized\"><img loading=\"lazy\" decoding=\"async\" width=\"600\" height=\"500\" src=\"https:\/\/www.ospro.fi\/blog\/wp-content\/uploads\/2024\/06\/Pro-logo-ospro-alla-2-rajattu.png\" alt=\"OSPRO logo\" class=\"wp-image-1611\" style=\"width:250px;height:auto\" srcset=\"https:\/\/www.ospro.fi\/blog\/wp-content\/uploads\/2024\/06\/Pro-logo-ospro-alla-2-rajattu.png 600w, https:\/\/www.ospro.fi\/blog\/wp-content\/uploads\/2024\/06\/Pro-logo-ospro-alla-2-rajattu-300x250.png 300w\" sizes=\"auto, (max-width: 600px) 100vw, 600px\" \/><\/figure>\n<\/div>\n\n\n\n<div class=\"wp-block-column is-layout-flow wp-block-column-is-layout-flow\" style=\"flex-basis:60%\">\n<h3 class=\"wp-block-heading has-large-font-size\">Oulun Seudun Pro ry<\/h3>\n\n\n\n<p>PL 5<br>90401 Oulu<\/p>\n\n\n\n<p>Laskutus<\/p>\n\n\n\n<p class=\"has-pro-font-family\" style=\"line-height:1.5\">Laskut otamme mielell\u00e4mme vastaan s\u00e4hk\u00f6isesti. Laskutusasioissa voitte olla yhteydess\u00e4 suoraan osoitteeseen: laskutus (@) ospro.fi.<\/p>\n\n\n\n<p class=\"has-heading-font-family has-medium-font-size\" style=\"line-height:1.2\"><strong>Verkkolaskuosoitteet:<\/strong><\/p>\n\n\n\n<figure class=\"wp-block-table is-style-stripes has-small-font-size\"><table><tbody><tr><td class=\"has-text-align-left\" data-align=\"left\"><strong>Operaattori<\/strong><\/td><td><strong>Vastaanotto-osoite<\/strong><\/td><td><strong>L\u00e4hetysosoite<\/strong><\/td><td><strong>OVT-tunnus<\/strong><\/td><\/tr><tr><td class=\"has-text-align-left\" data-align=\"left\">Apix Messaging Oy (003723327487)<\/td><td>003709975605<\/td><td>003709975605<\/td><td>003709975605<\/td><\/tr><\/tbody><\/table><\/figure>\n\n\n\n<div style=\"height:35px\" aria-hidden=\"true\" class=\"wp-block-spacer\"><\/div>\n\n\n\n<p class=\"has-pro-font-family has-medium-font-size\"><strong>Skannauspalvelun osoitteet:<\/strong><\/p>\n\n\n\n<figure class=\"wp-block-table is-style-stripes has-small-font-size\"><table><tbody><tr><td class=\"has-text-align-left\" data-align=\"left\"><strong>Operaattori<\/strong><\/td><td><strong><strong>Postiosoite<\/strong><\/strong><\/td><\/tr><tr><td class=\"has-text-align-left\" data-align=\"left\">Apix <\/td><td>Oulun Seudun Pro ry, PL 16112, 00021 LASKUTUS<\/td><\/tr><\/tbody><\/table><\/figure>\n\n\n\n<div style=\"height:35px\" aria-hidden=\"true\" class=\"wp-block-spacer\"><\/div>\n\n\n\n<p class=\"has-pro-font-family has-medium-font-size\" style=\"line-height:1.2\"><strong>S\u00e4hk\u00f6postiskannauksen osoitteet:<\/strong><br><\/p>\n\n\n\n<figure class=\"wp-block-table is-style-stripes has-pro-font-family has-small-font-size\"><table><tbody><tr><td class=\"has-text-align-left\" data-align=\"left\"><strong>Operaattori<\/strong><\/td><td><strong><strong>S\u00e4hk\u00f6postiosoite<\/strong><\/strong><\/td><\/tr><tr><td class=\"has-text-align-left\" data-align=\"left\">Apix<\/td><td>003709975605 (@) procountor.apix.fi<\/td><\/tr><\/tbody><\/table><\/figure>\n\n\n\n<div style=\"height:50px\" aria-hidden=\"true\" class=\"wp-block-spacer\"><\/div>\n\n\n\n<h4 class=\"wp-block-heading\">Ammattiliitto Pro<\/h4>\n\n\n\n<p>Ammattiliitto Pro, Oulun aluetoimisto<\/p>\n\n\n\n<p class=\"has-medium-font-size\">Asemakatu 37 90100 Oulu puh (09) 172 73<\/p>\n\n\n\n<figure class=\"wp-block-image size-full\"><a href=\"https:\/\/www.google.com\/maps\/embed?pb=!1m18!1m12!1m3!1d1685.4168541869801!2d25.479682400312733!3d65.01193437707694!2m3!1f0!2f0!3f0!3m2!1i1024!2i768!4f13.1!3m3!1m2!1s0x468032ac0b979c59%3A0x13c078c12cd7351e!2sAmmattiliitto%20Pro%20ry%20Fackf%C3%B6rbundet%20Pro%20rf!5e0!3m2!1sfi!2sfi!4v1726244502373!5m2!1sfi!2sfi\" target=\"_blank\" rel=\"noreferrer noopener\"><img loading=\"lazy\" decoding=\"async\" width=\"602\" height=\"456\" src=\"https:\/\/www.ospro.fi\/blog\/wp-content\/uploads\/2024\/09\/Pro-kartta.png\" alt=\"Karttakuva Pro Oulun aluetoimiston sijainnista\" class=\"wp-image-2266\" srcset=\"https:\/\/www.ospro.fi\/blog\/wp-content\/uploads\/2024\/09\/Pro-kartta.png 602w, https:\/\/www.ospro.fi\/blog\/wp-content\/uploads\/2024\/09\/Pro-kartta-300x227.png 300w\" sizes=\"auto, (max-width: 602px) 100vw, 602px\" \/><\/a><\/figure>\n\n\n\n<div class=\"wp-block-columns is-layout-flex wp-container-core-columns-is-layout-b0e66f64 wp-block-columns-is-layout-flex\">\n<div class=\"wp-block-column is-layout-flow wp-block-column-is-layout-flow\">\n<p class=\"has-small-font-size wp-container-content-9cfa9a5a\"><strong>Konttinen Jukka<\/strong>, sopimusasiantuntija jukka.konttinen (@) proliitto.fi<br><strong>Palola Taisto<\/strong>, sopimusasiantuntija taisto.palola (@) proliitto.fi<br><strong>Puutio Tero<\/strong>, sopimusasiantuntija, tero.puutio (@) proliitto.fi<br><strong>Reinikainen Karoliina<\/strong>, sopimusasiantuntija karoliina.reinikainen (@) proliitto.fi<\/p>\n<\/div>\n<\/div>\n\n\n\n<p class=\"has-pro-font-family has-medium-font-size\" style=\"line-height:1.2\"><br><\/p>\n<\/div>\n<\/div>\n<\/div><\/div>\n","protected":false},"excerpt":{"rendered":"<p>Oulun Seudun Pro ry PL 590401 Oulu s\u00e4hk\u00f6posti:etunimi@ospro.fi www: www.ospro.fi Facebook:www.facebook.com\/OSProry X: @OSProry Instagram:oulunseudunprory Oulun Seudun Pro ry PL 590401 Oulu Laskutus Laskut otamme mielell\u00e4mme vastaan s\u00e4hk\u00f6isesti. Laskutusasioissa voitte olla&#8230;<\/p>\n","protected":false},"author":1,"featured_media":0,"parent":0,"menu_order":0,"comment_status":"closed","ping_status":"closed","template":"","meta":{"_kad_post_transparent":"","_kad_post_title":"","_kad_post_layout":"","_kad_post_sidebar_id":"","_kad_post_content_style":"","_kad_post_vertical_padding":"","_kad_post_feature":"","_kad_post_feature_position":"","_kad_post_header":false,"_kad_post_footer":false,"_kad_post_classname":"","footnotes":""},"class_list":["post-2048","page","type-page","status-publish","hentry"],"_links":{"self":[{"href":"https:\/\/www.ospro.fi\/blog\/wp-json\/wp\/v2\/pages\/2048","targetHints":{"allow":["GET"]}}],"collection":[{"href":"https:\/\/www.ospro.fi\/blog\/wp-json\/wp\/v2\/pages"}],"about":[{"href":"https:\/\/www.ospro.fi\/blog\/wp-json\/wp\/v2\/types\/page"}],"author":[{"embeddable":true,"href":"https:\/\/www.ospro.fi\/blog\/wp-json\/wp\/v2\/users\/1"}],"replies":[{"embeddable":true,"href":"https:\/\/www.ospro.fi\/blog\/wp-json\/wp\/v2\/comments?post=2048"}],"version-history":[{"count":8,"href":"https:\/\/www.ospro.fi\/blog\/wp-json\/wp\/v2\/pages\/2048\/revisions"}],"predecessor-version":[{"id":2270,"href":"https:\/\/www.ospro.fi\/blog\/wp-json\/wp\/v2\/pages\/2048\/revisions\/2270"}],"wp:attachment":[{"href":"https:\/\/www.ospro.fi\/blog\/wp-json\/wp\/v2\/media?parent=2048"}],"curies":[{"name":"wp","href":"https:\/\/api.w.org\/{rel}","templated":true}]}}